{"id":7665,"date":"2017-07-21T16:28:50","date_gmt":"2017-07-21T14:28:50","guid":{"rendered":"http:\/\/blog.empikfoto.pl\/?page_id=7665"},"modified":"2017-07-21T16:28:50","modified_gmt":"2017-07-21T14:28:50","slug":"regulamin-konkursu-13urodziny","status":"publish","type":"page","link":"https:\/\/www.empikfoto.pl\/blog\/regulamin-konkursu-13urodziny\/","title":{"rendered":"REGULAMIN KONKURSU &#8220;13. Urodziny empikfoto.pl&#8221;"},"content":{"rendered":"<p><strong>Regulamin Konkursu \u201e13. Urodziny empikfoto.pl\u201d<\/strong><\/p>\n<ol>\n<li><strong>POSTANOWIENIA OG\u00d3LNE<\/strong><\/li>\n<\/ol>\n<p><!--more--><\/p>\n<ol>\n<li>Niniejszy regulamin (\u201c<strong>Regulamin<\/strong>\u201d) okre\u015bla og\u00f3lne warunki uczestnictwa w konkursie pod nazw\u0105 \u201e13. Urodziny empikfoto.pl\u201d.<\/li>\n<li>Organizatorem Konkursu jest\u00a0<strong>Empik S.A.\u00a0<\/strong>z siedzib\u0105 w Warszawie (00-017), ul. Marsza\u0142kowska 116\/122, wpisan\u0105 do rejestru przedsi\u0119biorc\u00f3w prowadzonego przez S\u0105d Rejonowy dla m. st. Warszawy w Warszawie, XII Wydzia\u0142 Gospodarczy Krajowego Rejestru S\u0105dowego pod numerem KRS 0000636785, NIP: 5260207427, REGON: 011518197 o kapitale zak\u0142adowym: 275.388.578,00 z\u0142 op\u0142aconym w ca\u0142o\u015bci\u00a0(\u201e<strong>Organizator<\/strong>\u201d).<\/li>\n<li>Konkurs organizowany jest na terytorium Rzeczypospolitej Polskiej.<\/li>\n<li>Konkurs zostanie og\u0142oszony na fanstronie Organizatora pod adresem\u00a0<a href=\"https:\/\/www.facebook.com\/empikfotopl\/\">https:\/\/www.facebook.com\/empikfotopl\/<\/a>(dalej: \u201e<strong>Fanstrona<\/strong>\u201d).<\/li>\n<li>Czas trwania Konkursu: od 21.07.2017 r. do 23.07.2017 do godziny 23:59.<\/li>\n<li>Konkurs nie jest w\u00a0\u017caden spos\u00f3b sponsorowany, wspierany, administrowany ani zwi\u0105zany z\u00a0serwisem spo\u0142eczno\u015bciowym Facebook\u00ae ani jego w\u0142a\u015bcicielem czy administratorem. Serwis Facebook\u00ae nie ponosi odpowiedzialno\u015bci za niniejszy Konkurs. Wszelkie pytania, komentarze oraz skargi i\u00a0reklamacje zwi\u0105zane z\u00a0Konkursem powinny by\u0107 kierowane do Organizatora, a w\u00a0\u017cadnym wypadku do w\u0142a\u015bciciela czy administratora serwisu spo\u0142eczno\u015bciowego Facebook\u00ae.<\/li>\n<li>Konkurs nie jest gr\u0105 losow\u0105, loteri\u0105 fantow\u0105, zak\u0142adem wzajemnym ani loteri\u0105 promocyjn\u0105, kt\u00f3rych wynik zale\u017cy od przypadku w rozumieniu art. 2 ustawy o grach hazardowych z dnia 19 listopada 2009 r.<\/li>\n<li>Konkurs zostanie przeprowadzony za po\u015brednictwem postu na Fanstronie (<strong>\u201ePost Konkursowy\u201d<\/strong>).<\/li>\n<li>Komunikacja Konkursu zostanie przeprowadzona na Fanstronie.<\/li>\n<li>Ka\u017cdy z Uczestnik\u00f3w przyst\u0119puj\u0105c do Konkursu o\u015bwiadcza, \u017ce zapozna\u0142 i akceptuje warunki Regulaminu Konkursu.<\/li>\n<\/ol>\n<ol>\n<li><strong> WARUNKI UCZESTNICTWA W KONKURSIE<\/strong><\/li>\n<\/ol>\n<ol>\n<li>Uczestnikiem Konkursu mo\u017ce by\u0107 osob\u0105 fizyczna, pe\u0142noletnia, posiadaj\u0105c\u0105 pe\u0142n\u0105 zdolno\u015b\u0107 do czynno\u015bci prawnych. Osoby nie maj\u0105ce pe\u0142nej zdolno\u015bci do czynno\u015bci prawnych mog\u0105 wzi\u0105\u0107 udzia\u0142 w\u00a0Konkursie pod warunkiem uzyskania uprzedniej zgody opiekuna prawnego lub przedstawiciela ustawowego na uczestnictwo w\u00a0Konkursie. Organizator zastrzega sobie prawo weryfikacji, czy taka zgoda zosta\u0142a udzielona przez opiekuna prawnego lub przedstawiciela ustawowego. Osoby, kt\u00f3re zg\u0142osi\u0142y sw\u00f3j udzia\u0142 w Konkursie na zasadach okre\u015blonych w niniejszym Regulaminie zwane s\u0105 dalej \u201e<strong>Uczestnikami<\/strong>\u201d.<\/li>\n<li>Uczestnikami Konkursu nie mog\u0105 by\u0107 pracownicy Organizatora oraz najbli\u017csi cz\u0142onkowie ich rodzin, tj. wst\u0119pni, zst\u0119pni, ma\u0142\u017conkowie, rodze\u0144stwo i\u00a0osoby pozostaj\u0105ce w stosunku przysposobienia.<\/li>\n<li>W Konkursie mo\u017cna bra\u0107 udzia\u0142 wy\u0142\u0105cznie osobi\u015bcie, tj. niedopuszczalne jest dokonywanie Zg\u0142osze\u0144 Konkursowych w\u00a0imieniu os\u00f3b trzecich.<\/li>\n<li>Udzia\u0142 w\u00a0Konkursie jest bezp\u0142atny oraz dobrowolny.\u00a0Zwi\u0105zane z\u00a0nim udost\u0119pnienie danych jest ca\u0142kowicie dobrowolne.<\/li>\n<li>Warunkami udzia\u0142u w Konkursie s\u0105:<\/li>\n<\/ol>\n<ol>\n<li>zamieszkiwanie na terytorium Rzeczpospolitej Polskiej;<\/li>\n<li>posiadanie konta u\u017cytkownika serwisu spo\u0142eczno\u015bciowego Facebook\u00ae;<\/li>\n<li>\u201epolubienie\u201d Fanstrony Organizatora;<\/li>\n<li>wyra\u017cenie zgody na przetwarzanie danych osobowych w celu realizacji Konkursu i wydania Nagr\u00f3d w Konkursie;<\/li>\n<li>przes\u0142anie w odpowiedzi na Posta Konkursowego Zg\u0142oszenia Konkursowego wed\u0142ug wskaz\u00f3wek zawartych w\u00a0 Regulaminie,<\/li>\n<li>wyra\u017cenie zgody na korzystanie ze Zg\u0142oszenia Konkursowego i zawartych w niej utwor\u00f3w i\u00a0wizerunk\u00f3w w zakresie okre\u015blonym w Regulaminie, w szczeg\u00f3lno\u015bci w celu realizacji Konkursu,<\/li>\n<li>dzia\u0142anie zgodnie z\u00a0prawem i\u00a0dobrymi obyczajami, w\u00a0szczeg\u00f3lno\u015bci Uczestnicy powinni dba\u0107, by Zg\u0142oszenie Konkursowe nie zawiera\u0142o tre\u015bci sprzecznych z\u00a0prawem, dobrymi obyczajami, naruszaj\u0105cych prawa os\u00f3b trzecich, jak r\u00f3wnie\u017c przedstawiaj\u0105cych lub opisuj\u0105cych sytuacje lub zdarzenia, kt\u00f3re mog\u0105 powodowa\u0107 zagro\u017cenie dla zdrowia lub \u017cycia ludzi lub zwierz\u0105t;<\/li>\n<li>niepodejmowanie dzia\u0142a\u0144, kt\u00f3re w\u00a0spos\u00f3b niezgodny z\u00a0prawem, Regulaminem lub dobrymi obyczajami mog\u0142yby zapewni\u0107 przewag\u0119 nad innymi Uczestnikami.<\/li>\n<li>udost\u0119pnienie danych niezb\u0119dnych do wydania Nagrody oraz rozliczenia Konkursu, w\u00a0przypadku uzyskania Nagrody (imi\u0119, nazwisko, adres e-mail).<\/li>\n<\/ol>\n<p><strong>III. ZG\u0141OSZENIE KONKURSOWE<\/strong><\/p>\n<ol>\n<li>Przedmiotem zadania konkursowego jest przes\u0142anie w trakcie trwania Konkursu w odpowiedzi na Post Konkursowy wybranego zdj\u0119cia wraz z kr\u00f3tkim komentarzem wyja\u015bniaj\u0105cym dlaczego zdj\u0119cie ma du\u017c\u0105 warto\u015b\u0107 dla autora\u00a0(\u201e<strong>Zg\u0142oszenie Konkursowe<\/strong>\u201d).<\/li>\n<li>Jeden Uczestnik mo\u017ce doda\u0107 wy\u0142\u0105cznie jedno Zg\u0142oszenie Konkursowe.<\/li>\n<li>Po zako\u0144czeniu Konkursu, Jury, spo\u015br\u00f3d wszystkich Uczestnik\u00f3w wy\u0142oni 3\u00a0zwyci\u0119zc\u00f3w, kt\u00f3rzy otrzymaj\u0105 Nagrod\u0119 (\u201e<strong>Laureaci<\/strong>\u2019).<\/li>\n<li>Laureatami zostan\u0105 osoby wybrane przez Jury, kt\u00f3re prze\u015bl\u0105 najbardziej oryginalne oraz najbardziej kreatywne Zg\u0142oszenie Konkursowe.<\/li>\n<li>Do Konkursu zostan\u0105 zakwalifikowane wy\u0142\u0105cznie Zg\u0142oszenia Konkursowe umieszczone w odpowiedzi na Post Konkursowy.<\/li>\n<li>Poprzez dokonanie Zg\u0142oszenia Konkursowego Uczestnik o\u015bwiadcza, \u017ce:<\/li>\n<\/ol>\n<ol>\n<li>przys\u0142uguj\u0105 mu niczym nieograniczone autorskie prawa maj\u0105tkowe i osobiste do Zg\u0142oszenia Konkursowego;<\/li>\n<li>jest uprawniony do udzielania licencji oraz zezwole\u0144, o kt\u00f3rych mowa w Regulaminie;<\/li>\n<li>udziela niewy\u0142\u0105cznej i nieodp\u0142atnej licencji do Zg\u0142oszenia Konkursowego bez ogranicze\u0144 czasowych, ilo\u015bciowych oraz terytorialnych na wszystkich znanych w dniu zg\u0142oszenia do Konkursu polach eksploatacji, w szczeg\u00f3lno\u015bci: w zakresie utrwalania i zwielokrotniania utworu \u2013 wytwarzanie okre\u015blon\u0105 technik\u0105 egzemplarzy utworu, w tym technik\u0105 drukarsk\u0105, reprograficzn\u0105, zapisu magnetycznego oraz technik\u0105 cyfrow\u0105; w zakresie obrotu orygina\u0142em albo egzemplarzami, na kt\u00f3rych utw\u00f3r utrwalono \u2013 wprowadzanie do obrotu, u\u017cyczenie lub najem orygina\u0142u albo egzemplarzy;\u00a0w zakresie rozpowszechniania utworu \u2013 publiczne wykonanie, wystawienie, wy\u015bwietlenie, odtworzenie oraz nadawanie i reemitowanie, a tak\u017ce publiczne udost\u0119pnianie utworu w taki spos\u00f3b, aby ka\u017cdy m\u00f3g\u0142 mie\u0107 do niego dost\u0119p w miejscu i\u00a0w czasie przez siebie wybranym. Jednocze\u015bnie wyra\u017ca zgod\u0119 na wykonanie praw autorskich zale\u017cnych do fotografii i\u00a0jej opracowa\u0144, w szczeg\u00f3lno\u015bci tw\u00f3rcze przekszta\u0142canie, przerabiania i adaptowania ca\u0142o\u015bci lub fragment\u00f3w, wielokrotne publikowanie w materia\u0142ach promocyjnych zwi\u0105zanych z Konkursem (tegorocznej i ka\u017cdej nast\u0119pnej edycji), a tak\u017ce na stronie internetowej empikfoto.<a href=\"http:\/\/www.empikfoto.pl\/\">pl<\/a>lub www.empik.com oraz wykorzystywanie ich w celach promocyjnych i marketingowych Organizatora;<\/li>\n<li>posiada wszelkie niezb\u0119dne i nieodwo\u0142alne zgody os\u00f3b widniej\u0105cych na przes\u0142anym Zg\u0142oszeniu Konkursowym na rozpowszechnianie ich wizerunku, w szczeg\u00f3lno\u015bci na wykorzystanie przez Organizatora w zakresie o jakim mowa w pkt c) powy\u017cej;<\/li>\n<li>zwalniania Organizatora od wszelkiej odpowiedzialno\u015bci z tytu\u0142u roszcze\u0144 os\u00f3b trzecich dotycz\u0105cych naruszenia jakichkolwiek praw os\u00f3b trzecich, w tym d\u00f3br osobistych, praw autorskich, praw pokrewnych lub praw w\u0142asno\u015bci przemys\u0142owej w zwi\u0105zku z korzystaniem przez Organizatora z tych praw w przypadku gdyby kt\u00f3rekolwiek z o\u015bwiadcze\u0144 Uczestnika okaza\u0142o si\u0119 nieprawdziwe. W przypadku wyst\u0105pienia takich roszcze\u0144, Uczestnik zobowi\u0105zuje si\u0119 do ich zaspokojenia i zwolnienia Organizatora od wszelkiej odpowiedzialno\u015bci w tym zakresie. W przypadku, gdy Organizator by\u0142by zobowi\u0105zany zgodnie z obowi\u0105zuj\u0105cym prawem do zap\u0142aty jakiegokolwiek odszkodowania w zwi\u0105zku z roszczeniami os\u00f3b trzecich, o kt\u00f3rych mowa powy\u017cej, Uczestnik zobowi\u0105zany jest niezw\u0142ocznie zwr\u00f3ci\u0107 Organizatorowi kwoty odpowiadaj\u0105cej tym roszczeniom oraz wszelkich wydatk\u00f3w zwi\u0105zanych z\u00a0nimi koszt\u00f3w i wydatk\u00f3w \u0142\u0105cznie z kosztami zast\u0119pstwa prawnego (procesowego).<\/li>\n<\/ol>\n<ol>\n<li>Niedopuszczalne jest zg\u0142aszanie do Konkursu Zg\u0142osze\u0144 Konkursowych, kt\u00f3re:<\/li>\n<\/ol>\n<ol>\n<li>naruszaj\u0105 prawa os\u00f3b trzecich, w szczeg\u00f3lno\u015bci prawa autorskie i pokrewne, dobra osobiste oraz prawa w\u0142asno\u015bci intelektualnej;<\/li>\n<li>zawieraj\u0105 tre\u015bci niezgodne z prawem lub dobrymi obyczajami, w szczeg\u00f3lno\u015bci obra\u017aliwe, wulgarne, pornograficzne, propaguj\u0105ce przemoc, nienawi\u015b\u0107 rasow\u0105 lub religijn\u0105;<\/li>\n<li>zawieraj\u0105 przekazy reklamowe;<\/li>\n<li>s\u0105 spamem lub niezam\u00f3wion\u0105 informacj\u0105 handlow\u0105;<\/li>\n<li>zawieraj\u0105 uszkodzone pliki lub wirusy;<\/li>\n<li>zawieraj\u0105 odno\u015bniki do innych stron internetowych, w szczeg\u00f3lno\u015bci stron zawieraj\u0105cych tre\u015bci, o kt\u00f3rych mowa powy\u017cej.<\/li>\n<\/ol>\n<ol>\n<li>Wy\u0142\u0105czona od udzia\u0142u w Konkursie b\u0119dzie osoba, co do kt\u00f3rej zachodzi uzasadnione podejrzenie, \u017ce podejmowa\u0142a dzia\u0142ania lub zaniechania, jakie w spos\u00f3b niezgodny z prawem lub dobrymi obyczajami, mog\u0142y zapewni\u0107 tej osobie przewag\u0119 nad innymi Uczestnikami.<\/li>\n<\/ol>\n<ol>\n<li><strong> OCENA ZG\u0141OSZENIA KONKURSOWEGO I NAGRODY<\/strong><\/li>\n<\/ol>\n<ol>\n<li>Do wy\u0142onienia Laureat\u00f3w Konkursu Organizator powo\u0142a jury w sk\u0142adzie 3 osobowym (\u201e<strong>Jury<\/strong>\u201d).<\/li>\n<li>Kryterium wyboru Laureat\u00f3w przez Jury oraz podstaw\u0105 przyznania Laureatom Nagr\u00f3d jest oryginalno\u015b\u0107 i kreatywno\u015b\u0107 Zg\u0142oszenia Konkursowego.<\/li>\n<li>Nagrodami w Konkursie s\u0105:<\/li>\n<\/ol>\n<ul>\n<li>dla 1. Miejsca &#8211; voucher uprawniaj\u0105cy do z\u0142o\u017cenia zam\u00f3wienia o warto\u015bci 100 z\u0142 (sto z\u0142otych) poprzez aplikacj\u0119 mobiln\u0105 empikfoto.pl,<\/li>\n<li>dla 2. Miejsca &#8211; voucher uprawniaj\u0105cy do z\u0142o\u017cenia zam\u00f3wienia o warto\u015bci 50 z\u0142 (pi\u0119\u0107dziesi\u0105t z\u0142otych) poprzez aplikacj\u0119 mobiln\u0105 empikfoto.pl,<\/li>\n<li>dla w serwisie empikfoto.pl.<\/li>\n<\/ul>\n<p>(\u201e<strong>Nagrody<\/strong>\u201d).<\/p>\n<ol>\n<li>Laureat zostanie poinformowany o\u00a0wygranej poprzez wiadomo\u015b\u0107 opublikowan\u0105 pod Postem Konkursowym oraz wiadomo\u015b\u0107 prywatn\u0105 wys\u0142an\u0105 do Uczestnika wytypowanego przez Jury najp\u00f3\u017aniej do dnia 25.07.2017 r.<\/li>\n<li>W przypadku rezygnacji przez Laureata z\u00a0Nagrody, Organizator zastrzega sobie prawo przyznania Nagrody Uczestnikowi, kt\u00f3rego Zg\u0142oszenie Konkursowe zajmie kolejne miejsce w rankingu przygotowanym przez Jury.<\/li>\n<li>Nagrody zostan\u0105 przekazane Laureatom Konkursu w terminie 10 dni od daty og\u0142oszenia wynik\u00f3w.<\/li>\n<li>Nagrody w Konkursie nie mo\u017cna zamieni\u0107 na inn\u0105 nagrod\u0119, ani na ekwiwalent pieni\u0119\u017cny.<\/li>\n<li>Ka\u017cdy Uczestnik mo\u017ce zdoby\u0107 tylko jedn\u0105 Nagrod\u0119.<\/li>\n<\/ol>\n<ol>\n<li><strong> DANE OSOBOWE<\/strong><\/li>\n<\/ol>\n<ol>\n<li>Uczestnik Konkursu poprzez udzia\u0142 w Konkursie wyra\u017ca zgod\u0119 na przetwarzanie jego danych osobowych w celu zwi\u0105zanym z realizacj\u0105 Konkursu i celach marketingowych Organizatora. Administratorem danych w rozumieniu ustawy z dnia 29 sierpnia 1997 r. o\u00a0ochronie danych osobowych (tekst jednolity: Dz. U. z 2002 r. Nr 101, poz. 926 ze zm.) jest Organizator. Dane osobowe Uczestnik\u00f3w przetwarzane b\u0119d\u0105 w\u00a0nast\u0119puj\u0105cym zakresie: imi\u0119, nazwisko, pseudonim, adres email, adres korespondencyjny.<\/li>\n<li>Okres przetwarzania danych osobowych Uczestnik\u00f3w, biegnie od momentu ich przekazania przez Uczestnik\u00f3w, do zako\u0144czenia procesu rozpoznawania reklamacji przez Organizatora a w\u00a0przypadku Laureat\u00f3w, tak\u017ce w\u00a0zakresie wymaganym przez odpowiednie przepisy prawa.<\/li>\n<li>Dane osobowe przetwarzane s\u0105 w celu przeprowadzenia Konkursu w tym wykonania zobowi\u0105za\u0144 Organizatora wobec Uczestnik\u00f3w. Uczestnicy Konkursu maj\u0105 prawo wgl\u0105du do podanych danych osobowych oraz prawo zg\u0142aszania wniosk\u00f3w do Organizatora w zakresie ich poprawiania lub \u017c\u0105dania usuni\u0119cia danych. Podanie danych osobowych jest dobrowolne ale niezb\u0119dne do wzi\u0119cia udzia\u0142u w Konkursie.<\/li>\n<li>Informujemy, i\u017c zgodnie z postanowieniami 23 ust. 1 pkt 4 i 5 ustawy o ochronie danych osobowych, Uczestnikom przys\u0142uguje prawo do wniesienia do Organizatora pisemnego, umotywowanego \u017c\u0105dania zaprzestania przetwarzania danych osobowych ze wzgl\u0119du na szczeg\u00f3ln\u0105 sytuacj\u0119 oraz o prawie wniesienia sprzeciwu wobec przetwarzania danych w przypadkach, wymienionych w art. 23 ust. 1 pkt 4 i 5 ww. ustawy, gdy administrator danych zamierza je przetwarza\u0107 w celach marketingowych lub wobec przekazywania danych osobowych innemu administratorowi danych.<\/li>\n<\/ol>\n<ol>\n<li><strong> POSTANOWIENIA KO\u0143COWE<\/strong><\/li>\n<\/ol>\n<ol>\n<li>Regulamin niniejszego Konkursu dost\u0119pny jest w siedzibie Organizatora oraz na stronie internetowej https:\/\/blog.empikfoto.pl\/regulamin-konkursu-13urodziny\/.<\/li>\n<li>Regulamin obowi\u0105zuje od dnia 21.07.2017 do dnia zako\u0144czenia Konkursu z\u00a0zastrze\u017ceniem, \u017ce jego postanowienia \u2013 w\u00a0odpowiednim zakresie \u2013 b\u0119d\u0105 stosowane do przeprowadzenia ewentualnych post\u0119powa\u0144 reklamacyjnych.<\/li>\n<li>Reklamacje dotycz\u0105ce og\u0142oszonych wynik\u00f3w Konkursu oraz przyznanych Nagr\u00f3d mo\u017cna sk\u0142ada\u0107 listem na adres Organizatora z\u00a0dopiskiem \u201eKonkurs 13. Urodziny empikfoto.pl\u201d\u00a0lub za po\u015brednictwem poczty elektronicznej na adres: obsluga.klienta@empik.com nie p\u00f3\u017aniej ni\u017c w terminie 14 dni od zako\u0144czenia Konkursu (dla reklamacji przes\u0142anej listem poleconym decyduj\u0105ca jest data stempla pocztowego). Niedochowanie ww. terminu nie wstrzymuje mo\u017cliwo\u015bci dochodzenia stosownych roszcze\u0144 na drodze post\u0119powania s\u0105dowego lub pozas\u0105dowego.<\/li>\n<li>Reklamacja powinna zawiera\u0107 dane osoby wnosz\u0105cej reklamacj\u0119 (tj. imi\u0119, nazwisko i\u00a0adres korespondencyjny w przypadku reklamacji listownej lub adres e-mail), pow\u00f3d reklamacji oraz \u017c\u0105danie okre\u015blonego zachowania si\u0119 przez Organizatora.<\/li>\n<li>Organizator rozpatrzy reklamacj\u0119 w\u00a0ci\u0105gu 14 dni od momentu wp\u0142yni\u0119cia jej do Organizatora i\u00a0powiadomi Uczestnika o\u00a0sposobie jej rozpatrzenia za po\u015brednictwem poczty na adres podany w li\u015bcie lub za po\u015brednictwem e-maila (w zale\u017cno\u015bci od tego w jaki spos\u00f3b reklamacja wp\u0142yn\u0119\u0142a do Organizatora).<\/li>\n<li>Organizator nie ponosi odpowiedzialno\u015bci za nieotrzymanie lub op\u00f3\u017anione otrzymanie od Uczestnika Zg\u0142oszenia Konkursowego z przyczyn od niego niezale\u017cnych, w szczeg\u00f3lno\u015bci z przyczyn le\u017c\u0105cych po stronie administratora serwera.<\/li>\n<li>Uczestnikom nie przys\u0142uguje wynagrodzenie za uczestnictwo w Konkursie, ani za wykorzystywanie przez Organizatora element\u00f3w Zg\u0142oszenia Konkursowego w jakikolwiek spos\u00f3b, w szczeg\u00f3lno\u015bci w spos\u00f3b wskazany powy\u017cej.<\/li>\n<li>Osoby, kt\u00f3re nie spe\u0142niaj\u0105 kt\u00f3regokolwiek z wymog\u00f3w okre\u015blonych w niniejszym Regulaminie lub umieszcz\u0105 nieprawdziwe informacje lub dane, zostan\u0105 automatycznie \u00a0wykluczone z udzia\u0142u w Konkursie.<\/li>\n<\/ol>\n<p>&nbsp;<\/p>\n","protected":false},"excerpt":{"rendered":"<p>Regulamin Konkursu \u201e13. Urodziny empikfoto.pl\u201d POSTANOWIENIA OG\u00d3LNE<\/p>\n","protected":false},"author":16,"featured_media":0,"parent":0,"menu_order":0,"comment_status":"closed","ping_status":"closed","template":"","meta":{"footnotes":""},"class_list":["post-7665","page","type-page","status-publish","hentry"],"yoast_head":"<!-- This site is optimized with the Yoast SEO plugin v27.3 - https:\/\/yoast.com\/product\/yoast-seo-wordpress\/ -->\n<title>REGULAMIN KONKURSU &quot;13. Urodziny empikfoto.pl&quot; | blog.empikfoto.pl<\/title>\n<meta name=\"robots\" content=\"index, follow, max-snippet:-1, max-image-preview:large, max-video-preview:-1\" \/>\n<link rel=\"canonical\" href=\"https:\/\/www.empikfoto.pl\/blog\/regulamin-konkursu-13urodziny\/\" \/>\n<meta property=\"og:locale\" content=\"pl_PL\" \/>\n<meta property=\"og:type\" content=\"article\" \/>\n<meta property=\"og:title\" content=\"REGULAMIN KONKURSU &quot;13. Urodziny empikfoto.pl&quot; | blog.empikfoto.pl\" \/>\n<meta property=\"og:description\" content=\"Regulamin Konkursu \u201e13. Urodziny empikfoto.pl\u201d POSTANOWIENIA OG\u00d3LNE\" \/>\n<meta property=\"og:url\" content=\"https:\/\/www.empikfoto.pl\/blog\/regulamin-konkursu-13urodziny\/\" \/>\n<meta property=\"og:site_name\" content=\"blog.empikfoto.pl\" \/>\n<meta property=\"article:publisher\" content=\"https:\/\/www.facebook.com\/empikfotopl\/\" \/>\n<meta name=\"twitter:card\" content=\"summary_large_image\" \/>\n<meta name=\"twitter:site\" content=\"@empikfoto\" \/>\n<meta name=\"twitter:label1\" content=\"Szacowany czas czytania\" \/>\n\t<meta name=\"twitter:data1\" content=\"10 minut\" \/>\n<script type=\"application\/ld+json\" class=\"yoast-schema-graph\">{\"@context\":\"https:\\\/\\\/schema.org\",\"@graph\":[{\"@type\":\"WebPage\",\"@id\":\"https:\\\/\\\/www.empikfoto.pl\\\/blog\\\/regulamin-konkursu-13urodziny\\\/\",\"url\":\"https:\\\/\\\/www.empikfoto.pl\\\/blog\\\/regulamin-konkursu-13urodziny\\\/\",\"name\":\"REGULAMIN KONKURSU \\\"13. Urodziny empikfoto.pl\\\" | blog.empikfoto.pl\",\"isPartOf\":{\"@id\":\"https:\\\/\\\/www.empikfoto.pl\\\/blog\\\/#website\"},\"datePublished\":\"2017-07-21T14:28:50+00:00\",\"breadcrumb\":{\"@id\":\"https:\\\/\\\/www.empikfoto.pl\\\/blog\\\/regulamin-konkursu-13urodziny\\\/#breadcrumb\"},\"inLanguage\":\"pl-PL\",\"potentialAction\":[{\"@type\":\"ReadAction\",\"target\":[\"https:\\\/\\\/www.empikfoto.pl\\\/blog\\\/regulamin-konkursu-13urodziny\\\/\"]}]},{\"@type\":\"BreadcrumbList\",\"@id\":\"https:\\\/\\\/www.empikfoto.pl\\\/blog\\\/regulamin-konkursu-13urodziny\\\/#breadcrumb\",\"itemListElement\":[{\"@type\":\"ListItem\",\"position\":1,\"name\":\"Strona g\u0142\u00f3wna\",\"item\":\"https:\\\/\\\/www.empikfoto.pl\\\/blog\\\/\"},{\"@type\":\"ListItem\",\"position\":2,\"name\":\"REGULAMIN KONKURSU &#8222;13. Urodziny empikfoto.pl&#8221;\"}]},{\"@type\":\"WebSite\",\"@id\":\"https:\\\/\\\/www.empikfoto.pl\\\/blog\\\/#website\",\"url\":\"https:\\\/\\\/www.empikfoto.pl\\\/blog\\\/\",\"name\":\"blog.empikfoto.pl\",\"description\":\"Poznaj empikfoto.pl od \u015brodka! Dowiedz si\u0119 wi\u0119cej o odbitkach, fotoksi\u0105\u017ckach i fotografii.\",\"potentialAction\":[{\"@type\":\"SearchAction\",\"target\":{\"@type\":\"EntryPoint\",\"urlTemplate\":\"https:\\\/\\\/www.empikfoto.pl\\\/blog\\\/?s={search_term_string}\"},\"query-input\":{\"@type\":\"PropertyValueSpecification\",\"valueRequired\":true,\"valueName\":\"search_term_string\"}}],\"inLanguage\":\"pl-PL\"}]}<\/script>\n<!-- \/ Yoast SEO plugin. -->","yoast_head_json":{"title":"REGULAMIN KONKURSU \"13. Urodziny empikfoto.pl\" | blog.empikfoto.pl","robots":{"index":"index","follow":"follow","max-snippet":"max-snippet:-1","max-image-preview":"max-image-preview:large","max-video-preview":"max-video-preview:-1"},"canonical":"https:\/\/www.empikfoto.pl\/blog\/regulamin-konkursu-13urodziny\/","og_locale":"pl_PL","og_type":"article","og_title":"REGULAMIN KONKURSU \"13. Urodziny empikfoto.pl\" | blog.empikfoto.pl","og_description":"Regulamin Konkursu \u201e13. Urodziny empikfoto.pl\u201d POSTANOWIENIA OG\u00d3LNE","og_url":"https:\/\/www.empikfoto.pl\/blog\/regulamin-konkursu-13urodziny\/","og_site_name":"blog.empikfoto.pl","article_publisher":"https:\/\/www.facebook.com\/empikfotopl\/","twitter_card":"summary_large_image","twitter_site":"@empikfoto","twitter_misc":{"Szacowany czas czytania":"10 minut"},"schema":{"@context":"https:\/\/schema.org","@graph":[{"@type":"WebPage","@id":"https:\/\/www.empikfoto.pl\/blog\/regulamin-konkursu-13urodziny\/","url":"https:\/\/www.empikfoto.pl\/blog\/regulamin-konkursu-13urodziny\/","name":"REGULAMIN KONKURSU \"13. Urodziny empikfoto.pl\" | blog.empikfoto.pl","isPartOf":{"@id":"https:\/\/www.empikfoto.pl\/blog\/#website"},"datePublished":"2017-07-21T14:28:50+00:00","breadcrumb":{"@id":"https:\/\/www.empikfoto.pl\/blog\/regulamin-konkursu-13urodziny\/#breadcrumb"},"inLanguage":"pl-PL","potentialAction":[{"@type":"ReadAction","target":["https:\/\/www.empikfoto.pl\/blog\/regulamin-konkursu-13urodziny\/"]}]},{"@type":"BreadcrumbList","@id":"https:\/\/www.empikfoto.pl\/blog\/regulamin-konkursu-13urodziny\/#breadcrumb","itemListElement":[{"@type":"ListItem","position":1,"name":"Strona g\u0142\u00f3wna","item":"https:\/\/www.empikfoto.pl\/blog\/"},{"@type":"ListItem","position":2,"name":"REGULAMIN KONKURSU &#8222;13. Urodziny empikfoto.pl&#8221;"}]},{"@type":"WebSite","@id":"https:\/\/www.empikfoto.pl\/blog\/#website","url":"https:\/\/www.empikfoto.pl\/blog\/","name":"blog.empikfoto.pl","description":"Poznaj empikfoto.pl od \u015brodka! Dowiedz si\u0119 wi\u0119cej o odbitkach, fotoksi\u0105\u017ckach i fotografii.","potentialAction":[{"@type":"SearchAction","target":{"@type":"EntryPoint","urlTemplate":"https:\/\/www.empikfoto.pl\/blog\/?s={search_term_string}"},"query-input":{"@type":"PropertyValueSpecification","valueRequired":true,"valueName":"search_term_string"}}],"inLanguage":"pl-PL"}]}},"amp_enabled":true,"_links":{"self":[{"href":"https:\/\/www.empikfoto.pl\/blog\/wp-json\/wp\/v2\/pages\/7665","targetHints":{"allow":["GET"]}}],"collection":[{"href":"https:\/\/www.empikfoto.pl\/blog\/wp-json\/wp\/v2\/pages"}],"about":[{"href":"https:\/\/www.empikfoto.pl\/blog\/wp-json\/wp\/v2\/types\/page"}],"author":[{"embeddable":true,"href":"https:\/\/www.empikfoto.pl\/blog\/wp-json\/wp\/v2\/users\/16"}],"replies":[{"embeddable":true,"href":"https:\/\/www.empikfoto.pl\/blog\/wp-json\/wp\/v2\/comments?post=7665"}],"version-history":[{"count":2,"href":"https:\/\/www.empikfoto.pl\/blog\/wp-json\/wp\/v2\/pages\/7665\/revisions"}],"predecessor-version":[{"id":7694,"href":"https:\/\/www.empikfoto.pl\/blog\/wp-json\/wp\/v2\/pages\/7665\/revisions\/7694"}],"wp:attachment":[{"href":"https:\/\/www.empikfoto.pl\/blog\/wp-json\/wp\/v2\/media?parent=7665"}],"curies":[{"name":"wp","href":"https:\/\/api.w.org\/{rel}","templated":true}]}}